{"id":2094,"date":"2026-03-10T13:15:45","date_gmt":"2026-03-10T16:15:45","guid":{"rendered":"https:\/\/www.liturgiadominical.criarsite.online\/?page_id=2094"},"modified":"2026-05-02T09:00:52","modified_gmt":"2026-05-02T12:00:52","slug":"domingo","status":"publish","type":"page","link":"https:\/\/www.liturgiadominical.criarsite.online\/?page_id=2094","title":{"rendered":"Domingo"},"content":{"rendered":"\n<p><strong>Cor Lit\u00fargica: Branco<\/strong><strong><\/strong><\/p>\n\n\n\n<h2 class=\"wp-block-heading\">5\u00ba Domingo da P\u00e1scoa | Domingo<\/h2>\n\n\n\n<p class=\"has-very-light-gray-to-cyan-bluish-gray-gradient-background has-background has-medium-font-size\"><strong>1\u00aa&nbsp; Leitura<\/strong><strong><\/strong><\/p>\n\n\n\n<p><strong>Primeira Leitura (At 6,1-7)<\/strong><strong><\/strong><\/p>\n\n\n\n<p><strong>Leitura dos Atos dos Ap\u00f3stolos.<\/strong><\/p>\n\n\n\n<p><strong>1<\/strong><strong>&nbsp;Naqueles dias, o n\u00famero dos disc\u00edpulos tinha aumentado, e os fi\u00e9is de origem grega come\u00e7aram a queixar-se dos fi\u00e9is de origem hebraica. Os de origem grega diziam que suas vi\u00favas eram deixadas de lado no atendimento di\u00e1rio.&nbsp;<\/strong><strong>2<\/strong><strong>&nbsp;Ent\u00e3o os Doze Ap\u00f3stolos reuniram a multid\u00e3o dos disc\u00edpulos e disseram: &#8220;N\u00e3o est\u00e1 certo que n\u00f3s deixemos a prega\u00e7\u00e3o da Palavra de Deus para servir \u00e0s mesas.&nbsp;<\/strong><strong>3<\/strong><strong>&nbsp;Irm\u00e3os, \u00e9 melhor que escolhais entre v\u00f3s sete homens de boa fama, repletos do Esp\u00edrito e de sabedoria, e n\u00f3s os encarregaremos dessa tarefa.&nbsp;<\/strong><strong>4<\/strong><strong>&nbsp;Desse modo n\u00f3s poderemos dedicar-nos inteiramente \u00e0 ora\u00e7\u00e3o e ao servi\u00e7o da Palavra&#8221;.&nbsp;<\/strong><strong>5<\/strong><strong>&nbsp;A proposta agradou a toda a multid\u00e3o. Ent\u00e3o escolheram Est\u00eav\u00e3o, homem cheio de f\u00e9 e do Esp\u00edrito Santo; e tamb\u00e9m Felipe, Pr\u00f3coro, Nicanor, Timon, P\u00e1rmenas e Nicolau de Antioquia, um pag\u00e3o que seguia a religi\u00e3o dos judeus.&nbsp;<\/strong><strong>6<\/strong><strong>&nbsp;Eles foram apresentados aos ap\u00f3stolos, que oraram e impuseram as m\u00e3os sobre eles.&nbsp;<\/strong><strong>7<\/strong><strong>&nbsp;Entretanto, a Palavra do Senhor se espalhava. O n\u00famero dos disc\u00edpulos crescia muito em Jerusal\u00e9m, e grande multid\u00e3o de sacerdotes judeus aceitava a f\u00e9.<\/strong><\/p>\n\n\n\n<p><strong>&#8211; Palavra do Senhor.<\/strong><\/p>\n\n\n\n<p><strong>&#8211; Gra\u00e7as a Deus.<\/strong><\/p>\n\n\n\n<p class=\"has-very-light-gray-to-cyan-bluish-gray-gradient-background has-background has-medium-font-size\"><strong>Salmo<\/strong><\/p>\n\n\n\n<p><strong>Respons\u00f3rio&nbsp;Sl 32(33),1-2.4-5.18-19 (R. 22)<\/strong><strong><\/strong><\/p>\n\n\n\n<p><strong>&#8211; Sobre n\u00f3s venha, Senhor, a vossa gra\u00e7a, da mesma forma que em v\u00f3s n\u00f3s esperamos!<\/strong><\/p>\n\n\n\n<p><strong>&#8211; Sobre n\u00f3s venha, Senhor, a vossa gra\u00e7a, da mesma forma que em v\u00f3s n\u00f3s esperamos!<\/strong><strong><\/strong><\/p>\n\n\n\n<p><strong>&#8211; \u00d3 justos, alegrai-vos no Senhor! aos retos fica bem glorific\u00e1-lo. Dai gra\u00e7as ao Senhor ao som da harpa, na lira de dez cordas celebrai-o!&nbsp;<\/strong><\/p>\n\n\n\n<p><strong>&#8211; Pois reta \u00e9 a palavra do Senhor, e tudo o que ele faz merece f\u00e9. Deus ama o direito e a justi\u00e7a, transborda em toda a terra a sua gra\u00e7a.&nbsp;<\/strong><\/p>\n\n\n\n<p><strong>&#8211; O Senhor pousa o olhar sobre os que o temem, e que confiam esperando em seu amor, para da morte libertar as suas vidas e aliment\u00e1-los quando \u00e9 tempo de pen\u00faria.&nbsp;<\/strong><\/p>\n\n\n\n<p class=\"has-very-light-gray-to-cyan-bluish-gray-gradient-background has-background has-medium-font-size\"><strong>2\u00aa Leitura<\/strong><\/p>\n\n\n\n<p><strong>Segunda Leitura (1Pd 2,4-9)<\/strong><strong><\/strong><\/p>\n\n\n\n<p><strong>Leitura da Primeira Carta de S\u00e3o Pedro.<\/strong><\/p>\n\n\n\n<p><strong>Car\u00edssimos:&nbsp;<\/strong><strong>4<\/strong><strong>&nbsp;Aproximai-vos do Senhor, pedra viva, rejeitada pelos homens, mas escolhida e honrosa aos olhos de Deus.&nbsp;<\/strong><strong>5<\/strong><strong>&nbsp;Do mesmo modo, tamb\u00e9m v\u00f3s, como pedras vivas, formai um edif\u00edcio espiritual, um sacerd\u00f3cio santo, a fim de oferecerdes sacrif\u00edcios espirituais, agrad\u00e1veis a Deus, por Jesus Cristo.&nbsp;<\/strong><strong>6<\/strong><strong>&nbsp;Com efeito, nas Escrituras se l\u00ea: &#8220;Eis que ponho em Si\u00e3o uma pedra angular, escolhida e magn\u00edfica; quem nela confiar, n\u00e3o ser\u00e1 confundido&#8221;.&nbsp;<\/strong><strong>7<\/strong><strong>&nbsp;A v\u00f3s, portanto, que tendes f\u00e9, cabe a honra. Mas para os que n\u00e3o creem, &#8220;a pedra que os construtores rejeitaram tornou-se a pedra angular,&nbsp;<\/strong><strong>8<\/strong><strong>&nbsp;pedra de trope\u00e7o e rocha que faz cair&#8221;. Nela trope\u00e7am os que n\u00e3o acolhem a Palavra; esse \u00e9 o destino deles.&nbsp;<\/strong><strong>9<\/strong><strong>&nbsp;Mas v\u00f3s sois a ra\u00e7a escolhida, o sacerd\u00f3cio do Reino, a na\u00e7\u00e3o santa, o povo que ele conquistou para proclamar as obras admir\u00e1veis daquele que vos chamou das trevas para a sua luz maravilhosa.<\/strong><\/p>\n\n\n\n<p><strong>&#8211; Palavra do Senhor.<\/strong><\/p>\n\n\n\n<p><strong>&#8211; Gra\u00e7as a Deus.<\/strong><\/p>\n\n\n\n<p class=\"has-very-light-gray-to-cyan-bluish-gray-gradient-background has-background has-medium-font-size\"><strong>Evangelho<\/strong><\/p>\n\n\n\n<p><strong>Evangelho (Jo 14,1-12)<\/strong><strong><\/strong><\/p>\n\n\n\n<p><strong>&#8211; Aleluia, Aleluia, Aleluia.<\/strong><\/p>\n\n\n\n<p><strong>&#8211; Eu sou o Caminho, a Verdade e a Vida. Ningu\u00e9m chega ao Pai sen\u00e3o por mim.<\/strong><\/p>\n\n\n\n<p><strong>Proclama\u00e7\u00e3o do Evangelho de Jesus Cristo segundo Jo\u00e3o.<\/strong><\/p>\n\n\n\n<p><strong>-Gl\u00f3ria a v\u00f3s, Senhor.<\/strong><strong><\/strong><\/p>\n\n\n\n<p><strong>Naquele tempo, disse Jesus a seus disc\u00edpulos:&nbsp;<\/strong><strong>1<\/strong><strong>&nbsp;&#8220;N\u00e3o se perturbe o vosso cora\u00e7\u00e3o. Tendes f\u00e9 em Deus, tende f\u00e9 em mim tamb\u00e9m.&nbsp;<\/strong><strong>2<\/strong><strong>&nbsp;Na casa de meu Pai h\u00e1 muitas moradas. Se assim n\u00e3o fosse, eu vos teria dito. Vou preparar um lugar para v\u00f3s,&nbsp;<\/strong><strong>3<\/strong><strong>&nbsp;e quando eu tiver ido preparar-vos um lugar, voltarei e vos levarei comigo, a fim de que onde eu estiver estejais tamb\u00e9m v\u00f3s.&nbsp;<\/strong><strong>4<\/strong><strong>&nbsp;E para onde eu vou, v\u00f3s conheceis o caminho&#8221;.&nbsp;<\/strong><strong>5<\/strong><strong>&nbsp;Tom\u00e9 disse a Jesus: &#8220;Senhor, n\u00f3s n\u00e3o sabemos para onde vais. Como podemos conhecer o caminho?&#8221;&nbsp;<\/strong><strong>6<\/strong><strong>&nbsp;Jesus respondeu: &#8220;Eu sou o Caminho, a Verdade e a Vida. Ningu\u00e9m vai ao Pai sen\u00e3o por mim.&nbsp;<\/strong><strong>7<\/strong><strong>&nbsp;Se v\u00f3s me conhec\u00easseis, conhecer\u00edeis tamb\u00e9m o meu Pai. E desde agora o conheceis e o vistes&#8221;.&nbsp;<\/strong><strong>8<\/strong><strong>&nbsp;Disse Felipe: &#8220;Senhor, mostra-nos o Pai, isso nos basta!&#8221;&nbsp;<\/strong><strong>9<\/strong><strong>&nbsp;Jesus respondeu: &#8220;H\u00e1 tanto tempo estou convosco, e n\u00e3o me conheces, Felipe? Quem me viu, viu o Pai. Como \u00e9 que tu dizes: &#8216;Mostra-nos o Pai&#8217;?&nbsp;<\/strong><strong>10<\/strong><strong>&nbsp;N\u00e3o acreditas que eu estou no Pai e o Pai est\u00e1 em mim? As palavras que eu vos digo, n\u00e3o as digo por mim mesmo, mas \u00e9 o Pai, que, permanecendo em mim, realiza as suas obras.&nbsp;<\/strong><strong>11<\/strong><strong>&nbsp;Acreditai-me: eu estou no Pai e o Pai est\u00e1 em mim. Acreditai, ao menos, por causa destas mesmas obras.&nbsp;<\/strong><strong>12<\/strong><strong>&nbsp;Em verdade, em verdade vos digo, quem acredita em mim far\u00e1 as obras que eu fa\u00e7o, e far\u00e1 ainda maiores do que estas. Pois eu vou para o Pai&#8221;.<\/strong><\/p>\n\n\n\n<p><strong>\u2014 Palavra da Salva\u00e7\u00e3o.<\/strong><\/p>\n\n\n\n<p><strong>\u2014 Gl\u00f3ria a v\u00f3s, Senhor.<\/strong><\/p>\n","protected":false},"excerpt":{"rendered":"<p>Cor Lit\u00fargica: Branco 5\u00ba Domingo da P\u00e1scoa | Domingo 1\u00aa&nbsp; Leitura Primeira Leitura (At 6,1-7) Leitura dos Atos dos Ap\u00f3stolos. 1&nbsp;Naqueles dias, o n\u00famero dos disc\u00edpulos tinha aumentado, e os fi\u00e9is de origem grega come\u00e7aram a queixar-se dos fi\u00e9is de origem hebraica. Os de origem grega diziam que suas vi\u00favas eram deixadas de lado no [&hellip;]<\/p>\n","protected":false},"author":1,"featured_media":0,"parent":0,"menu_order":0,"comment_status":"closed","ping_status":"closed","template":"","meta":{"_eb_attr":"","_uag_custom_page_level_css":"","site-sidebar-layout":"default","site-content-layout":"","ast-site-content-layout":"default","site-content-style":"default","site-sidebar-style":"default","ast-global-header-display":"","ast-banner-title-visibility":"","ast-main-header-display":"","ast-hfb-above-header-display":"","ast-hfb-below-header-display":"","ast-hfb-mobile-header-display":"","site-post-title":"","ast-breadcrumbs-content":"","ast-featured-img":"","footer-sml-layout":"","ast-disable-related-posts":"","theme-transparent-header-meta":"","adv-header-id-meta":"","stick-header-meta":"","header-above-stick-meta":"","header-main-stick-meta":"","header-below-stick-meta":"","astra-migrate-meta-layouts":"set","ast-page-background-enabled":"default","ast-page-background-meta":{"desktop":{"background-color":"var(--ast-global-color-5)","background-image":"","background-repeat":"repeat","background-position":"center center","background-size":"auto","background-attachment":"scroll","background-type":"","background-media":"","overlay-type":"","overlay-color":"","overlay-opacity":"","overlay-gradient":""},"tablet":{"background-color":"","background-image":"","background-repeat":"repeat","background-position":"center center","background-size":"auto","background-attachment":"scroll","background-type":"","background-media":"","overlay-type":"","overlay-color":"","overlay-opacity":"","overlay-gradient":""},"mobile":{"background-color":"","background-image":"","background-repeat":"repeat","background-position":"center center","background-size":"auto","background-attachment":"scroll","background-type":"","background-media":"","overlay-type":"","overlay-color":"","overlay-opacity":"","overlay-gradient":""}},"ast-content-background-meta":{"desktop":{"background-color":"var(--ast-global-color-4)","background-image":"","background-repeat":"repeat","background-position":"center center","background-size":"auto","background-attachment":"scroll","background-type":"","background-media":"","overlay-type":"","overlay-color":"","overlay-opacity":"","overlay-gradient":""},"tablet":{"background-color":"var(--ast-global-color-4)","background-image":"","background-repeat":"repeat","background-position":"center center","background-size":"auto","background-attachment":"scroll","background-type":"","background-media":"","overlay-type":"","overlay-color":"","overlay-opacity":"","overlay-gradient":""},"mobile":{"background-color":"var(--ast-global-color-4)","background-image":"","background-repeat":"repeat","background-position":"center center","background-size":"auto","background-attachment":"scroll","background-type":"","background-media":"","overlay-type":"","overlay-color":"","overlay-opacity":"","overlay-gradient":""}},"footnotes":""},"class_list":["post-2094","page","type-page","status-publish","hentry"],"featured_image_src":null,"uagb_featured_image_src":{"full":false,"thumbnail":false,"medium":false,"medium_large":false,"large":false,"1536x1536":false,"2048x2048":false},"uagb_author_info":{"display_name":"Carvalho","author_link":"https:\/\/www.liturgiadominical.criarsite.online\/?author=1"},"uagb_comment_info":0,"uagb_excerpt":"Cor Lit\u00fargica: Branco 5\u00ba Domingo da P\u00e1scoa | Domingo 1\u00aa&nbsp; Leitura Primeira Leitura (At 6,1-7) Leitura dos Atos dos Ap\u00f3stolos. 1&nbsp;Naqueles dias, o n\u00famero dos disc\u00edpulos tinha aumentado, e os fi\u00e9is de origem grega come\u00e7aram a queixar-se dos fi\u00e9is de origem hebraica. Os de origem grega diziam que suas vi\u00favas eram deixadas de lado no&hellip;","_links":{"self":[{"href":"https:\/\/www.liturgiadominical.criarsite.online\/index.php?rest_route=\/wp\/v2\/pages\/2094","targetHints":{"allow":["GET"]}}],"collection":[{"href":"https:\/\/www.liturgiadominical.criarsite.online\/index.php?rest_route=\/wp\/v2\/pages"}],"about":[{"href":"https:\/\/www.liturgiadominical.criarsite.online\/index.php?rest_route=\/wp\/v2\/types\/page"}],"author":[{"embeddable":true,"href":"https:\/\/www.liturgiadominical.criarsite.online\/index.php?rest_route=\/wp\/v2\/users\/1"}],"replies":[{"embeddable":true,"href":"https:\/\/www.liturgiadominical.criarsite.online\/index.php?rest_route=%2Fwp%2Fv2%2Fcomments&post=2094"}],"version-history":[{"count":7,"href":"https:\/\/www.liturgiadominical.criarsite.online\/index.php?rest_route=\/wp\/v2\/pages\/2094\/revisions"}],"predecessor-version":[{"id":2883,"href":"https:\/\/www.liturgiadominical.criarsite.online\/index.php?rest_route=\/wp\/v2\/pages\/2094\/revisions\/2883"}],"wp:attachment":[{"href":"https:\/\/www.liturgiadominical.criarsite.online\/index.php?rest_route=%2Fwp%2Fv2%2Fmedia&parent=2094"}],"curies":[{"name":"wp","href":"https:\/\/api.w.org\/{rel}","templated":true}]}}