{"id":2088,"date":"2026-03-10T13:12:09","date_gmt":"2026-03-10T16:12:09","guid":{"rendered":"https:\/\/www.liturgiadominical.criarsite.online\/?page_id=2088"},"modified":"2026-05-06T10:22:53","modified_gmt":"2026-05-06T13:22:53","slug":"quinta-feira","status":"publish","type":"page","link":"https:\/\/www.liturgiadominical.criarsite.online\/?page_id=2088","title":{"rendered":"Quinta-feira"},"content":{"rendered":"\n<p>Cor Lit\u00fargica: Branco<\/p>\n\n\n\n<h3 class=\"wp-block-heading\">5\u00aa Semana da P\u00e1scoa | Quinta-feira<\/h3>\n\n\n\n<p class=\"has-very-light-gray-to-cyan-bluish-gray-gradient-background has-background has-medium-font-size\">1\u00aa&nbsp; Leitura<\/p>\n\n\n\n<p>Primeira&nbsp;Leitura (At 15,7-21)<\/p>\n\n\n\n<p>Leitura dos Atos dos Ap\u00f3stolos.<\/p>\n\n\n\n<p>Naqueles dias,&nbsp;7&nbsp;Depois de longa discuss\u00e3o, Pedro levantou-se e falou aos ap\u00f3stolos e anci\u00e3os: &#8220;Irm\u00e3os, v\u00f3s sabeis que, desde os primeiros dias, Deus me escolheu, do vosso meio, para que os pag\u00e3os ouvissem de minha boca a palavra do Evangelho e acreditassem.&nbsp;8&nbsp;Ora, Deus, que conhece os cora\u00e7\u00f5es, testemunhou a favor deles, dando-lhes o Esp\u00edrito Santo como o deu a n\u00f3s.&nbsp;9&nbsp;E n\u00e3o fez nenhuma distin\u00e7\u00e3o entre n\u00f3s e eles, purificando o cora\u00e7\u00e3o deles mediante a f\u00e9.&nbsp;10&nbsp;Ent\u00e3o, por que v\u00f3s agora colocais Deus \u00e0 prova, querendo impor aos disc\u00edpulos um jugo que nem nossos pais e nem n\u00f3s mesmos tivemos for\u00e7a para suportar?&nbsp;11&nbsp;Ao contr\u00e1rio, \u00e9 pela gra\u00e7a do Senhor Jesus que acreditamos ser salvos, exatamente como eles&#8221;.&nbsp;12&nbsp;Houve ent\u00e3o um grande sil\u00eancio em toda a assembleia. Depois disso, ouviram Barnab\u00e9 e Paulo contar todos os sinais e prod\u00edgios que Deus havia realizado, por meio deles, entre os pag\u00e3os.&nbsp;13&nbsp;Quando Barnab\u00e9 e Paulo terminaram de falar, Tiago tomou a palavra e disse: &#8220;Irm\u00e3os, ouvi-me:&nbsp;14&nbsp;Sim\u00e3o acaba de nos lembrar como, desde o come\u00e7o, Deus se dignou tomar homens das na\u00e7\u00f5es pag\u00e3s para formar um povo dedicado ao seu Nome.&nbsp;15&nbsp;Isso concorda com as palavras dos profetas, pois est\u00e1 escrito:&nbsp;16&nbsp;&#8216;Depois disso, eu voltarei e reconstruirei a tenda de Davi que havia ca\u00eddo; reconstruirei as ru\u00ednas que ficaram e a reerguerei, a fim de que o resto dos homens procure o Senhor com todas as na\u00e7\u00f5es que foram consagradas ao meu Nome. \u00c9 o que diz o Senhor, que fez estas coisas,&nbsp;18&nbsp;conhecidas h\u00e1 muito tempo&#8217;.&nbsp;19&nbsp;Por isso, sou do parecer que devemos parar de importunar os pag\u00e3os que se convertem a Deus.&nbsp;20&nbsp;Vamos somente prescrever que eles evitem o que est\u00e1 contaminado pelos \u00eddolos, as uni\u00f5es ileg\u00edtimas, comer carne de animal sufocado e o uso do sangue.&nbsp;21&nbsp;Com efeito, desde os tempos antigos, em cada cidade, Mois\u00e9s tem os seus pregadores, que o l\u00eaem todos os s\u00e1bados nas sinagogas&#8221;.<\/p>\n\n\n\n<p>&#8211; Palavra do Senhor.<\/p>\n\n\n\n<p>&#8211; Gra\u00e7as a Deus.<\/p>\n\n\n\n<p class=\"has-very-light-gray-to-cyan-bluish-gray-gradient-background has-background has-medium-font-size\">Salmo<\/p>\n\n\n\n<p>Respons\u00f3rio&nbsp;Sl 95(96),1-2a.2b-3.10 (R. cf. 3)<\/p>\n\n\n\n<p>&#8211; Anunciai as maravilhas do Senhor entre todas as na\u00e7\u00f5es.<\/p>\n\n\n\n<p>&#8211; Anunciai as maravilhas do Senhor entre todas as na\u00e7\u00f5es.<\/p>\n\n\n\n<p>&#8211; Cantai ao Senhor Deus um canto novo, cantai ao Senhor Deus, \u00f3 terra inteira! Cantai e bendizei seu santo nome!&nbsp;<\/p>\n\n\n\n<p>&#8211; Dia ap\u00f3s dia anunciai sua salva\u00e7\u00e3o, manifestai a sua gl\u00f3ria entre as na\u00e7\u00f5es, e entre os povos do universo seus prod\u00edgios!&nbsp;<\/p>\n\n\n\n<p>&#8211; Publicai entre as na\u00e7\u00f5es: &#8220;Reina o Senhor!&#8221; Ele firmou o universo inabal\u00e1vel pois os povos ele julga com justi\u00e7a.&nbsp;<\/p>\n\n\n\n<p class=\"has-very-light-gray-to-cyan-bluish-gray-gradient-background has-background has-medium-font-size\">Evangelho<\/p>\n\n\n\n<p>Evangelho (Jo 15,9-11)<\/p>\n\n\n\n<p>&#8211; Aleluia, Aleluia, Aleluia.<\/p>\n\n\n\n<p>&#8211; Minhas ovelhas escutam minha voz, minha voz est\u00e3o elas a escutar; eu conhe\u00e7o, ent\u00e3o, minhas ovelhas, que me seguem, comigo a caminhar.<\/p>\n\n\n\n<p>Proclama\u00e7\u00e3o do Evangelho de Jesus Cristo segundo Jo\u00e3o.<\/p>\n\n\n\n<p>-Gl\u00f3ria a v\u00f3s, Senhor.<\/p>\n\n\n\n<p>Naquele tempo, disse Jesus a seus disc\u00edpulos:&nbsp;9&nbsp;&#8220;Como meu Pai me amou, assim tamb\u00e9m eu vos amei. Permanecei no meu amor.&nbsp;10&nbsp;Se guardardes os meus mandamentos, permanecereis no meu amor, assim como eu guardei os mandamentos do meu Pai e permane\u00e7o no seu amor.&nbsp;11&nbsp;Eu vos disse isto, para que a minha alegria esteja em v\u00f3s e a vossa alegria seja plena&#8221;.<\/p>\n\n\n\n<p>\u2014 Palavra da Salva\u00e7\u00e3o.<\/p>\n\n\n\n<p>\u2014 Gl\u00f3ria a v\u00f3s, Senhor.<\/p>\n","protected":false},"excerpt":{"rendered":"<p>Cor Lit\u00fargica: Branco 5\u00aa Semana da P\u00e1scoa | Quinta-feira 1\u00aa&nbsp; Leitura Primeira&nbsp;Leitura (At 15,7-21) Leitura dos Atos dos Ap\u00f3stolos. Naqueles dias,&nbsp;7&nbsp;Depois de longa discuss\u00e3o, Pedro levantou-se e falou aos ap\u00f3stolos e anci\u00e3os: &#8220;Irm\u00e3os, v\u00f3s sabeis que, desde os primeiros dias, Deus me escolheu, do vosso meio, para que os pag\u00e3os ouvissem de minha boca a [&hellip;]<\/p>\n","protected":false},"author":1,"featured_media":0,"parent":0,"menu_order":0,"comment_status":"closed","ping_status":"closed","template":"","meta":{"_eb_attr":"","_uag_custom_page_level_css":"","site-sidebar-layout":"default","site-content-layout":"","ast-site-content-layout":"default","site-content-style":"default","site-sidebar-style":"default","ast-global-header-display":"","ast-banner-title-visibility":"","ast-main-header-display":"","ast-hfb-above-header-display":"","ast-hfb-below-header-display":"","ast-hfb-mobile-header-display":"","site-post-title":"","ast-breadcrumbs-content":"","ast-featured-img":"","footer-sml-layout":"","ast-disable-related-posts":"","theme-transparent-header-meta":"","adv-header-id-meta":"","stick-header-meta":"","header-above-stick-meta":"","header-main-stick-meta":"","header-below-stick-meta":"","astra-migrate-meta-layouts":"set","ast-page-background-enabled":"default","ast-page-background-meta":{"desktop":{"background-color":"var(--ast-global-color-5)","background-image":"","background-repeat":"repeat","background-position":"center center","background-size":"auto","background-attachment":"scroll","background-type":"","background-media":"","overlay-type":"","overlay-color":"","overlay-opacity":"","overlay-gradient":""},"tablet":{"background-color":"","background-image":"","background-repeat":"repeat","background-position":"center center","background-size":"auto","background-attachment":"scroll","background-type":"","background-media":"","overlay-type":"","overlay-color":"","overlay-opacity":"","overlay-gradient":""},"mobile":{"background-color":"","background-image":"","background-repeat":"repeat","background-position":"center center","background-size":"auto","background-attachment":"scroll","background-type":"","background-media":"","overlay-type":"","overlay-color":"","overlay-opacity":"","overlay-gradient":""}},"ast-content-background-meta":{"desktop":{"background-color":"var(--ast-global-color-4)","background-image":"","background-repeat":"repeat","background-position":"center center","background-size":"auto","background-attachment":"scroll","background-type":"","background-media":"","overlay-type":"","overlay-color":"","overlay-opacity":"","overlay-gradient":""},"tablet":{"background-color":"var(--ast-global-color-4)","background-image":"","background-repeat":"repeat","background-position":"center center","background-size":"auto","background-attachment":"scroll","background-type":"","background-media":"","overlay-type":"","overlay-color":"","overlay-opacity":"","overlay-gradient":""},"mobile":{"background-color":"var(--ast-global-color-4)","background-image":"","background-repeat":"repeat","background-position":"center center","background-size":"auto","background-attachment":"scroll","background-type":"","background-media":"","overlay-type":"","overlay-color":"","overlay-opacity":"","overlay-gradient":""}},"footnotes":""},"class_list":["post-2088","page","type-page","status-publish","hentry"],"featured_image_src":null,"uagb_featured_image_src":{"full":false,"thumbnail":false,"medium":false,"medium_large":false,"large":false,"1536x1536":false,"2048x2048":false},"uagb_author_info":{"display_name":"Carvalho","author_link":"https:\/\/www.liturgiadominical.criarsite.online\/?author=1"},"uagb_comment_info":0,"uagb_excerpt":"Cor Lit\u00fargica: Branco 5\u00aa Semana da P\u00e1scoa | Quinta-feira 1\u00aa&nbsp; Leitura Primeira&nbsp;Leitura (At 15,7-21) Leitura dos Atos dos Ap\u00f3stolos. Naqueles dias,&nbsp;7&nbsp;Depois de longa discuss\u00e3o, Pedro levantou-se e falou aos ap\u00f3stolos e anci\u00e3os: &#8220;Irm\u00e3os, v\u00f3s sabeis que, desde os primeiros dias, Deus me escolheu, do vosso meio, para que os pag\u00e3os ouvissem de minha boca a&hellip;","_links":{"self":[{"href":"https:\/\/www.liturgiadominical.criarsite.online\/index.php?rest_route=\/wp\/v2\/pages\/2088","targetHints":{"allow":["GET"]}}],"collection":[{"href":"https:\/\/www.liturgiadominical.criarsite.online\/index.php?rest_route=\/wp\/v2\/pages"}],"about":[{"href":"https:\/\/www.liturgiadominical.criarsite.online\/index.php?rest_route=\/wp\/v2\/types\/page"}],"author":[{"embeddable":true,"href":"https:\/\/www.liturgiadominical.criarsite.online\/index.php?rest_route=\/wp\/v2\/users\/1"}],"replies":[{"embeddable":true,"href":"https:\/\/www.liturgiadominical.criarsite.online\/index.php?rest_route=%2Fwp%2Fv2%2Fcomments&post=2088"}],"version-history":[{"count":8,"href":"https:\/\/www.liturgiadominical.criarsite.online\/index.php?rest_route=\/wp\/v2\/pages\/2088\/revisions"}],"predecessor-version":[{"id":2974,"href":"https:\/\/www.liturgiadominical.criarsite.online\/index.php?rest_route=\/wp\/v2\/pages\/2088\/revisions\/2974"}],"wp:attachment":[{"href":"https:\/\/www.liturgiadominical.criarsite.online\/index.php?rest_route=%2Fwp%2Fv2%2Fmedia&parent=2088"}],"curies":[{"name":"wp","href":"https:\/\/api.w.org\/{rel}","templated":true}]}}