{"id":2085,"date":"2026-03-10T13:11:01","date_gmt":"2026-03-10T16:11:01","guid":{"rendered":"https:\/\/www.liturgiadominical.criarsite.online\/?page_id=2085"},"modified":"2026-05-05T14:16:05","modified_gmt":"2026-05-05T17:16:05","slug":"quarta-feira","status":"publish","type":"page","link":"https:\/\/www.liturgiadominical.criarsite.online\/?page_id=2085","title":{"rendered":"Quarta-feira"},"content":{"rendered":"\n<p><strong>Cor Lit\u00fargica: Branco<\/strong><strong><\/strong><\/p>\n\n\n\n<h3 class=\"wp-block-heading\">5\u00aa Semana da P\u00e1scoa | Quarta-feira<\/h3>\n\n\n\n<p class=\"has-very-light-gray-to-cyan-bluish-gray-gradient-background has-background has-medium-font-size\"><strong>1\u00aa&nbsp; Leitura<\/strong><strong><\/strong><\/p>\n\n\n\n<p><strong>Primeira Leitura (At 15,1-6)<\/strong><strong><\/strong><\/p>\n\n\n\n<p><strong>Leitura dos Atos dos Ap\u00f3stolos.<\/strong><\/p>\n\n\n\n<p><strong>Naqueles dias,&nbsp;<\/strong><strong>1<\/strong><strong>&nbsp;chegaram alguns da Judeia e ensinavam aos irm\u00e3os de Antioquia, dizendo: &#8220;V\u00f3s n\u00e3o podereis salvar-vos, se n\u00e3o fordes circuncidados, como ordena a Lei de Mois\u00e9s&#8221;.&nbsp;<\/strong><strong>2<\/strong><strong>&nbsp;Isto provocou muita confus\u00e3o, e houve uma grande discuss\u00e3o de Paulo e Barnab\u00e9 com eles. Finalmente, decidiram que Paulo, Barnab\u00e9 e alguns outros fossem a Jerusal\u00e9m, para tratar dessa quest\u00e3o com os ap\u00f3stolos e os anci\u00e3os.&nbsp;<\/strong><strong>3<\/strong><strong>&nbsp;Depois de terem sido acompanhados pela comunidade, Paulo e Barnab\u00e9 atravessaram a Fen\u00edcia e a Samaria. Contaram sobre a convers\u00e3o dos pag\u00e3os, causando grande alegria entre todos os irm\u00e3os.&nbsp;<\/strong><strong>4<\/strong><strong>&nbsp;Chegando a Jerusal\u00e9m, foram recebidos pelos ap\u00f3stolos e os anci\u00e3os, e narraram as maravilhas que Deus tinha realizado por meio deles.&nbsp;<\/strong><strong>5<\/strong><strong>&nbsp;Alguns, dos que tinham pertencido ao partido dos fariseus e que haviam abra\u00e7ado a f\u00e9, levantaram-se e disseram que era preciso circuncidar os pag\u00e3os e obrig\u00e1-los a observar a Lei de Mois\u00e9s.&nbsp;<\/strong><strong>6<\/strong><strong>&nbsp;Ent\u00e3o, os ap\u00f3stolos e os anci\u00e3os reuniram-se para tratar desse assunto.<\/strong><\/p>\n\n\n\n<p><strong>&#8211; Palavra do Senhor.<\/strong><\/p>\n\n\n\n<p><strong>&#8211; Gra\u00e7as a Deus.<\/strong><\/p>\n\n\n\n<p class=\"has-very-light-gray-to-cyan-bluish-gray-gradient-background has-background has-medium-font-size\"><strong>Salmo<\/strong><\/p>\n\n\n\n<p><strong>Respons\u00f3rio&nbsp;Sl 121(122),1-2.3-4a.4b-5 (R. cf. 1)<\/strong><strong><\/strong><\/p>\n\n\n\n<p><strong>&#8211; Que alegria, quando ouvi que me disseram: Vamos \u00e0 casa do Senhor!<\/strong><\/p>\n\n\n\n<p><strong>&#8211; Que alegria, quando ouvi que me disseram: Vamos \u00e0 casa do Senhor!<\/strong><strong><\/strong><\/p>\n\n\n\n<p><strong>&#8211; Que alegria, quando ouvi que me disseram: &#8220;Vamos \u00e0 casa do Senhor!&#8221; E agora nossos p\u00e9s j\u00e1 se det\u00eam, Jerusal\u00e9m, em tuas portas.&nbsp;<\/strong><\/p>\n\n\n\n<p><strong>&#8211; Jerusal\u00e9m, cidade bem edificada num conjunto harmonioso; para l\u00e1 sobem as tribos de Israel, as tribos do Senhor.&nbsp;<\/strong><\/p>\n\n\n\n<p><strong>&#8211; Para louvar, segundo a lei de Israel, o nome do Senhor. A sede da justi\u00e7a l\u00e1 est\u00e1 e o trono de Davi.&nbsp;<\/strong><\/p>\n\n\n\n<p class=\"has-very-light-gray-to-cyan-bluish-gray-gradient-background has-background has-medium-font-size\"><strong>Evangelho<\/strong><\/p>\n\n\n\n<p><strong>Evangelho (Jo 15,1-8)<\/strong><strong><\/strong><\/p>\n\n\n\n<p><strong>&#8211; Aleluia, Aleluia, Aleluia.<\/strong><\/p>\n\n\n\n<p><strong>&#8211; Ficai em mim, e eu em v\u00f3s ficarei, diz Jesus; quem em mim permanece, h\u00e1 de dar muito fruto.<\/strong><\/p>\n\n\n\n<p><strong>Proclama\u00e7\u00e3o do Evangelho de Jesus Cristo segundo Jo\u00e3o.<\/strong><\/p>\n\n\n\n<p><strong>-Gl\u00f3ria a v\u00f3s, Senhor.<\/strong><strong><\/strong><\/p>\n\n\n\n<p><strong>Naquele tempo, Jesus disse a seus disc\u00edpulos:&nbsp;<\/strong><strong>1<\/strong><strong>&nbsp;&#8220;Eu sou a videira verdadeira e meu Pai \u00e9 o agricultor.&nbsp;<\/strong><strong>2<\/strong><strong>&nbsp;Todo ramo que em mim n\u00e3o d\u00e1 fruto ele o corta; e todo ramo que d\u00e1 fruto, ele o limpa, para que d\u00ea mais fruto ainda.&nbsp;<\/strong><strong>3<\/strong><strong>&nbsp;V\u00f3s j\u00e1 estais limpos por causa da palavra que eu vos falei.&nbsp;<\/strong><strong>4<\/strong><strong>&nbsp;Permanecei em mim e eu permanecerei em v\u00f3s. Como o ramo n\u00e3o pode dar fruto por si mesmo, se n\u00e3o permanecer na videira, assim tamb\u00e9m v\u00f3s n\u00e3o podereis dar fruto, se n\u00e3o permanecerdes em mim.&nbsp;<\/strong><strong>5<\/strong><strong>&nbsp;Eu sou a videira e v\u00f3s os ramos. Aquele que permanece em mim, e eu nele, esse produz muito fruto; porque sem mim nada podeis fazer.&nbsp;<\/strong><strong>6<\/strong><strong>&nbsp;Quem n\u00e3o permanecer em mim, ser\u00e1 lan\u00e7ado fora como um ramo e secar\u00e1. Tais ramos s\u00e3o recolhidos, lan\u00e7ados no fogo e queimados.&nbsp;<\/strong><strong>7<\/strong><strong>&nbsp;Se permanecerdes em mim e minhas palavras permanecerem em v\u00f3s, pedi o que quiserdes e vos ser\u00e1 dado.&nbsp;<\/strong><strong>8<\/strong><strong>&nbsp;Nisto meu Pai \u00e9 glorificado: que deis muito fruto e vos torneis meus disc\u00edpulos&#8221;.<\/strong><\/p>\n\n\n\n<p><strong>\u2014 Palavra da Salva\u00e7\u00e3o.<\/strong><\/p>\n\n\n\n<p><strong>\u2014 Gl\u00f3ria a v\u00f3s, Senhor.<\/strong><\/p>\n\n\n\n<p><\/p>\n","protected":false},"excerpt":{"rendered":"<p>Cor Lit\u00fargica: Branco 5\u00aa Semana da P\u00e1scoa | Quarta-feira 1\u00aa&nbsp; Leitura Primeira Leitura (At 15,1-6) Leitura dos Atos dos Ap\u00f3stolos. Naqueles dias,&nbsp;1&nbsp;chegaram alguns da Judeia e ensinavam aos irm\u00e3os de Antioquia, dizendo: &#8220;V\u00f3s n\u00e3o podereis salvar-vos, se n\u00e3o fordes circuncidados, como ordena a Lei de Mois\u00e9s&#8221;.&nbsp;2&nbsp;Isto provocou muita confus\u00e3o, e houve uma grande discuss\u00e3o de [&hellip;]<\/p>\n","protected":false},"author":1,"featured_media":0,"parent":0,"menu_order":0,"comment_status":"closed","ping_status":"closed","template":"","meta":{"_eb_attr":"","_uag_custom_page_level_css":"","site-sidebar-layout":"default","site-content-layout":"","ast-site-content-layout":"default","site-content-style":"default","site-sidebar-style":"default","ast-global-header-display":"","ast-banner-title-visibility":"","ast-main-header-display":"","ast-hfb-above-header-display":"","ast-hfb-below-header-display":"","ast-hfb-mobile-header-display":"","site-post-title":"","ast-breadcrumbs-content":"","ast-featured-img":"","footer-sml-layout":"","ast-disable-related-posts":"","theme-transparent-header-meta":"","adv-header-id-meta":"","stick-header-meta":"","header-above-stick-meta":"","header-main-stick-meta":"","header-below-stick-meta":"","astra-migrate-meta-layouts":"set","ast-page-background-enabled":"default","ast-page-background-meta":{"desktop":{"background-color":"var(--ast-global-color-5)","background-image":"","background-repeat":"repeat","background-position":"center center","background-size":"auto","background-attachment":"scroll","background-type":"","background-media":"","overlay-type":"","overlay-color":"","overlay-opacity":"","overlay-gradient":""},"tablet":{"background-color":"","background-image":"","background-repeat":"repeat","background-position":"center center","background-size":"auto","background-attachment":"scroll","background-type":"","background-media":"","overlay-type":"","overlay-color":"","overlay-opacity":"","overlay-gradient":""},"mobile":{"background-color":"","background-image":"","background-repeat":"repeat","background-position":"center center","background-size":"auto","background-attachment":"scroll","background-type":"","background-media":"","overlay-type":"","overlay-color":"","overlay-opacity":"","overlay-gradient":""}},"ast-content-background-meta":{"desktop":{"background-color":"var(--ast-global-color-4)","background-image":"","background-repeat":"repeat","background-position":"center center","background-size":"auto","background-attachment":"scroll","background-type":"","background-media":"","overlay-type":"","overlay-color":"","overlay-opacity":"","overlay-gradient":""},"tablet":{"background-color":"var(--ast-global-color-4)","background-image":"","background-repeat":"repeat","background-position":"center center","background-size":"auto","background-attachment":"scroll","background-type":"","background-media":"","overlay-type":"","overlay-color":"","overlay-opacity":"","overlay-gradient":""},"mobile":{"background-color":"var(--ast-global-color-4)","background-image":"","background-repeat":"repeat","background-position":"center center","background-size":"auto","background-attachment":"scroll","background-type":"","background-media":"","overlay-type":"","overlay-color":"","overlay-opacity":"","overlay-gradient":""}},"footnotes":""},"class_list":["post-2085","page","type-page","status-publish","hentry"],"featured_image_src":null,"uagb_featured_image_src":{"full":false,"thumbnail":false,"medium":false,"medium_large":false,"large":false,"1536x1536":false,"2048x2048":false},"uagb_author_info":{"display_name":"Carvalho","author_link":"https:\/\/www.liturgiadominical.criarsite.online\/?author=1"},"uagb_comment_info":0,"uagb_excerpt":"Cor Lit\u00fargica: Branco 5\u00aa Semana da P\u00e1scoa | Quarta-feira 1\u00aa&nbsp; Leitura Primeira Leitura (At 15,1-6) Leitura dos Atos dos Ap\u00f3stolos. Naqueles dias,&nbsp;1&nbsp;chegaram alguns da Judeia e ensinavam aos irm\u00e3os de Antioquia, dizendo: &#8220;V\u00f3s n\u00e3o podereis salvar-vos, se n\u00e3o fordes circuncidados, como ordena a Lei de Mois\u00e9s&#8221;.&nbsp;2&nbsp;Isto provocou muita confus\u00e3o, e houve uma grande discuss\u00e3o de&hellip;","_links":{"self":[{"href":"https:\/\/www.liturgiadominical.criarsite.online\/index.php?rest_route=\/wp\/v2\/pages\/2085","targetHints":{"allow":["GET"]}}],"collection":[{"href":"https:\/\/www.liturgiadominical.criarsite.online\/index.php?rest_route=\/wp\/v2\/pages"}],"about":[{"href":"https:\/\/www.liturgiadominical.criarsite.online\/index.php?rest_route=\/wp\/v2\/types\/page"}],"author":[{"embeddable":true,"href":"https:\/\/www.liturgiadominical.criarsite.online\/index.php?rest_route=\/wp\/v2\/users\/1"}],"replies":[{"embeddable":true,"href":"https:\/\/www.liturgiadominical.criarsite.online\/index.php?rest_route=%2Fwp%2Fv2%2Fcomments&post=2085"}],"version-history":[{"count":9,"href":"https:\/\/www.liturgiadominical.criarsite.online\/index.php?rest_route=\/wp\/v2\/pages\/2085\/revisions"}],"predecessor-version":[{"id":2969,"href":"https:\/\/www.liturgiadominical.criarsite.online\/index.php?rest_route=\/wp\/v2\/pages\/2085\/revisions\/2969"}],"wp:attachment":[{"href":"https:\/\/www.liturgiadominical.criarsite.online\/index.php?rest_route=%2Fwp%2Fv2%2Fmedia&parent=2085"}],"curies":[{"name":"wp","href":"https:\/\/api.w.org\/{rel}","templated":true}]}}